{"id":147,"date":"2021-09-26T11:58:38","date_gmt":"2021-09-26T09:58:38","guid":{"rendered":"https:\/\/general-canoes.com\/?page_id=147"},"modified":"2022-11-15T23:30:48","modified_gmt":"2022-11-15T22:30:48","slug":"contact","status":"publish","type":"page","link":"https:\/\/general-canoes.com\/index.php\/contact\/","title":{"rendered":"Contact"},"content":{"rendered":"<div id='av_section_1'  class='avia-section main_color avia-section-default avia-no-border-styling  av-section-color-overlay-active avia-bg-style-parallax  avia-builder-el-0  avia-builder-el-no-sibling   av-minimum-height av-minimum-height-75  container_wrap sidebar_right' style=' '   data-av_minimum_height_pc='75'><div class='av-section-color-overlay-wrap'><div class='av-section-color-overlay' style='opacity: 0.5; '><\/div><div class='container' ><main  role=\"main\" itemprop=\"mainContentOfPage\"  class='template-page content  av-content-small alpha units'><div class='post-entry post-entry-type-page post-entry-147'><div class='entry-content-wrapper clearfix'>\n<div  style='padding-bottom:10px; font-size:40px;' class='av-special-heading av-special-heading-h1  blockquote modern-quote modern-centered  avia-builder-el-1  el_before_av_hr  avia-builder-el-first  av-inherit-size '><h1 class='av-special-heading-tag '  itemprop=\"headline\"  >Contact us<\/h1><div class='special-heading-border'><div class='special-heading-inner-border' ><\/div><\/div><\/div>\n<div  style='height:50px' class='hr hr-invisible   avia-builder-el-2  el_after_av_heading  el_before_av_one_half '><span class='hr-inner ' ><span class='hr-inner-style'><\/span><\/span><\/div>\n<div class=\"flex_column av_one_half  flex_column_div first  avia-builder-el-3  el_after_av_hr  el_before_av_one_half  \" style='background: #ffffff; padding:25px; background-color:#ffffff; border-radius:0px; '><p><div  style='padding-bottom:10px; ' class='av-special-heading av-special-heading-h4  blockquote modern-quote  avia-builder-el-4  el_before_av_textblock  avia-builder-el-first  '><h4 class='av-special-heading-tag '  itemprop=\"headline\"  >Dealer<\/h4><div class ='av-subheading av-subheading_below  ' style='font-size:15px;'><p>General Canoes<\/p>\n<\/div><div class='special-heading-border'><div class='special-heading-inner-border' ><\/div><\/div><\/div><br \/>\n<section class=\"av_textblock_section \"  itemscope=\"itemscope\" itemtype=\"https:\/\/schema.org\/CreativeWork\" ><div class='avia_textblock  '   itemprop=\"text\" ><p>We would love to hear from you!<br \/>\nPlease fill out this form and we will get in touch with you shortly.<\/p>\n<\/div><\/section><\/p><\/div><div class=\"flex_column av_one_half  flex_column_div av-zero-column-padding   avia-builder-el-6  el_after_av_one_half  avia-builder-el-last  \" style='border-radius:0px; '><form action=\"https:\/\/general-canoes.com\/index.php\/contact\/\" method=\"post\"  class=\"avia_ajax_form av-form-labels-hidden   avia-builder-el-7  avia-builder-el-no-sibling   \" data-avia-form-id=\"1\" data-avia-redirect='' ><fieldset><p class='  first_form  form_element form_element_half' id='element_avia_1_1'><label for=\"avia_1_1\">Country <abbr class=\"required\" title=\"requis(e)\">*<\/abbr><\/label> <input name=\"avia_1_1\" class=\"text_input is_empty\" type=\"text\" id=\"avia_1_1\" value=\"\"  placeholder='Country*'\/><\/p><p class=' form_element form_element_half' id='element_avia_2_1'><label for=\"avia_2_1\">Choose<\/label> <select  name=\"avia_2_1\" class=\"select \" id=\"avia_2_1\"><option  value =''>Choose<\/option><option  value ='Profesional'>Profesional<\/option><option  value ='Private'>Private<\/option><option selected='selected' value =''><\/option><\/select><\/p><p class='  first_form  form_element form_element_half' id='element_avia_3_1'><label for=\"avia_3_1\">Company name<\/label> <input name=\"avia_3_1\" class=\"text_input \" type=\"text\" id=\"avia_3_1\" value=\"\"  placeholder='Company name'\/><\/p><p class='  form_element form_element_half' id='element_avia_4_1'><label for=\"avia_4_1\">First name <abbr class=\"required\" title=\"requis(e)\">*<\/abbr><\/label> <input name=\"avia_4_1\" class=\"text_input is_empty\" type=\"text\" id=\"avia_4_1\" value=\"\"  placeholder='First name*'\/><\/p><p class='  first_form  form_element form_element_half' id='element_avia_5_1'><label for=\"avia_5_1\">Last name <abbr class=\"required\" title=\"requis(e)\">*<\/abbr><\/label> <input name=\"avia_5_1\" class=\"text_input is_empty\" type=\"text\" id=\"avia_5_1\" value=\"\"  placeholder='Last name*'\/><\/p><p class='  first_form  form_element form_fullwidth' id='element_avia_6_1'><label for=\"avia_6_1\">E-Mail <abbr class=\"required\" title=\"requis(e)\">*<\/abbr><\/label> <input name=\"avia_6_1\" class=\"text_input is_email\" type=\"text\" id=\"avia_6_1\" value=\"\"  placeholder='E-Mail*'\/><\/p><p class='  first_form  form_element form_fullwidth' id='element_avia_7_1'><label for=\"avia_7_1\">Subject <abbr class=\"required\" title=\"requis(e)\">*<\/abbr><\/label> <input name=\"avia_7_1\" class=\"text_input is_empty\" type=\"text\" id=\"avia_7_1\" value=\"\"  placeholder='Subject*'\/><\/p><p class='  first_form  form_element form_fullwidth' id='element_avia_8_1'><label for=\"avia_8_1\" class=\"textare_label hidden textare_label_avia_8_1\">Message <abbr class=\"required\" title=\"requis(e)\">*<\/abbr><\/label><textarea  placeholder='Message*' name=\"avia_8_1\" class=\"text_area is_empty\" cols=\"40\" rows=\"7\" id=\"avia_8_1\" ><\/textarea><\/p><p class=\"hidden\"><input type=\"text\" name=\"avia_9_1\" class=\"hidden \" id=\"avia_9_1\" value=\"\" \/><\/p><div id='avia_10_1' class='av-recaptcha-area  first_form  form_element form_fullwidth '  data-container_class=\"\" data-custom_class=\"\" data-context=\"av_contact_form\" data-token_input=\"av_recaptcha_token\" data-version=\"avia_recaptcha_v2\" data-theme=\"light\" data-size=\"normal\" data-score=\"0.5\" data-text_to_preview=\"\" data-value=\"\"><div class=\"av-google-badge-message hidden\">Ce site est prot\u00e9g\u00e9 par reCAPTCHA et la <a href=\"https:\/\/policies.google.com\/privacy\">politique de confidentialit\u00e9<\/a> de Google et <a href=\"https:\/\/policies.google.com\/terms\">leur conditions d'utilisation<\/a> s'appliquent.<\/div><\/div><p class=\"form_element \"><input type=\"hidden\" value=\"1\" name=\"avia_generated_form1\" \/><input type=\"submit\" value=\"Validate\" class=\"button\"  data-sending-label=\"Envoi\"\/><\/p><\/fieldset><div class=\"avia-disabled-form\">Ce formulaire est d\u00e9sactiv\u00e9 dans la mesure o\u00f9 vous refusez d'accepter le service Google reCAPTCHA n\u00e9cessaire pour valider toute exp\u00e9dition de message depuis celui-ci.<\/div><\/form><div id=\"ajaxresponse_1\" class=\"ajaxresponse ajaxresponse_1 hidden\"><\/div><\/div><\/div><\/div><\/main><!-- close content main element --><\/div><\/div><\/div><div id='after_section_1'  class='main_color av_default_container_wrap container_wrap sidebar_right' style=' '  ><div class='container' ><div class='template-page content  av-content-small alpha units'><div class='post-entry post-entry-type-page post-entry-147'><div class='entry-content-wrapper clearfix'>\n","protected":false},"excerpt":{"rendered":"","protected":false},"author":1,"featured_media":0,"parent":0,"menu_order":0,"comment_status":"closed","ping_status":"closed","template":"","meta":{"footnotes":""},"class_list":["post-147","page","type-page","status-publish","hentry"],"_links":{"self":[{"href":"https:\/\/general-canoes.com\/index.php\/wp-json\/wp\/v2\/pages\/147"}],"collection":[{"href":"https:\/\/general-canoes.com\/index.php\/wp-json\/wp\/v2\/pages"}],"about":[{"href":"https:\/\/general-canoes.com\/index.php\/wp-json\/wp\/v2\/types\/page"}],"author":[{"embeddable":true,"href":"https:\/\/general-canoes.com\/index.php\/wp-json\/wp\/v2\/users\/1"}],"replies":[{"embeddable":true,"href":"https:\/\/general-canoes.com\/index.php\/wp-json\/wp\/v2\/comments?post=147"}],"version-history":[{"count":35,"href":"https:\/\/general-canoes.com\/index.php\/wp-json\/wp\/v2\/pages\/147\/revisions"}],"predecessor-version":[{"id":1092,"href":"https:\/\/general-canoes.com\/index.php\/wp-json\/wp\/v2\/pages\/147\/revisions\/1092"}],"wp:attachment":[{"href":"https:\/\/general-canoes.com\/index.php\/wp-json\/wp\/v2\/media?parent=147"}],"curies":[{"name":"wp","href":"https:\/\/api.w.org\/{rel}","templated":true}]}}